{"id":382,"date":"2023-04-05T09:35:56","date_gmt":"2023-04-05T09:35:56","guid":{"rendered":"https:\/\/brezstrahuzavolanom.si\/nova\/?page_id=382"},"modified":"2023-04-21T09:28:20","modified_gmt":"2023-04-21T09:28:20","slug":"programi","status":"publish","type":"page","link":"https:\/\/brezstrahuzavolanom.si\/nova\/programi\/","title":{"rendered":"Programi"},"content":{"rendered":"\t\t<div data-elementor-type=\"wp-page\" data-elementor-id=\"382\" class=\"elementor elementor-382\">\n\t\t\t\t\t\t\t\t\t<section class=\"elementor-section elementor-top-section elementor-element elementor-element-80d2416 elementor-section-height-min-height elementor-section-items-stretch elementor-section-content-middle elementor-section-boxed elementor-section-height-default\" data-id=\"80d2416\" data-element_type=\"section\" data-settings=\"{&quot;background_background&quot;:&quot;classic&quot;}\">\n\t\t\t\t\t\t<div class=\"elementor-container elementor-column-gap-default\">\n\t\t\t\t\t<div class=\"elementor-column elementor-col-50 elementor-top-column elementor-element elementor-element-5cc858c0\" data-id=\"5cc858c0\" data-element_type=\"column\">\n\t\t\t<div class=\"elementor-widget-wrap elementor-element-populated\">\n\t\t\t\t\t\t\t\t<div class=\"elementor-element elementor-element-13861214 elementor-invisible elementor-widget elementor-widget-heading\" data-id=\"13861214\" data-element_type=\"widget\" data-settings=\"{&quot;_animation&quot;:&quot;fadeInLeft&quot;}\" data-widget_type=\"heading.default\">\n\t\t\t\t<div class=\"elementor-widget-container\">\n\t\t\t<style>\/*! elementor - v3.12.1 - 02-04-2023 *\/\n.elementor-heading-title{padding:0;margin:0;line-height:1}.elementor-widget-heading .elementor-heading-title[class*=elementor-size-]>a{color:inherit;font-size:inherit;line-height:inherit}.elementor-widget-heading .elementor-heading-title.elementor-size-small{font-size:15px}.elementor-widget-heading .elementor-heading-title.elementor-size-medium{font-size:19px}.elementor-widget-heading .elementor-heading-title.elementor-size-large{font-size:29px}.elementor-widget-heading .elementor-heading-title.elementor-size-xl{font-size:39px}.elementor-widget-heading .elementor-heading-title.elementor-size-xxl{font-size:59px}<\/style><h2 class=\"elementor-heading-title elementor-size-default\">Programi<\/h2>\t\t<\/div>\n\t\t\t\t<\/div>\n\t\t\t\t<div class=\"elementor-element elementor-element-b349611 elementor-widget elementor-widget-text-editor\" data-id=\"b349611\" data-element_type=\"widget\" data-widget_type=\"text-editor.default\">\n\t\t\t\t<div class=\"elementor-widget-container\">\n\t\t\t<style>\/*! elementor - v3.12.1 - 02-04-2023 *\/\n.elementor-widget-text-editor.elementor-drop-cap-view-stacked .elementor-drop-cap{background-color:#69727d;color:#fff}.elementor-widget-text-editor.elementor-drop-cap-view-framed .elementor-drop-cap{color:#69727d;border:3px solid;background-color:transparent}.elementor-widget-text-editor:not(.elementor-drop-cap-view-default) .elementor-drop-cap{margin-top:8px}.elementor-widget-text-editor:not(.elementor-drop-cap-view-default) .elementor-drop-cap-letter{width:1em;height:1em}.elementor-widget-text-editor .elementor-drop-cap{float:left;text-align:center;line-height:1;font-size:50px}.elementor-widget-text-editor .elementor-drop-cap-letter{display:inline-block}<\/style>\t\t\t\t<p style=\"text-align: center;\">V nadaljevanju so predstavljeni programi, ki jih <strong>izvajam<\/strong>.<\/p>\t\t\t\t\t\t<\/div>\n\t\t\t\t<\/div>\n\t\t\t\t\t<\/div>\n\t\t<\/div>\n\t\t\t\t<div class=\"elementor-column elementor-col-50 elementor-top-column elementor-element elementor-element-73cf8735\" data-id=\"73cf8735\" data-element_type=\"column\" data-settings=\"{&quot;background_background&quot;:&quot;slideshow&quot;,&quot;background_slideshow_gallery&quot;:[],&quot;background_slideshow_loop&quot;:&quot;yes&quot;,&quot;background_slideshow_slide_duration&quot;:5000,&quot;background_slideshow_slide_transition&quot;:&quot;fade&quot;,&quot;background_slideshow_transition_duration&quot;:500}\">\n\t\t\t<div class=\"elementor-widget-wrap elementor-element-populated\">\n\t\t\t\t\t\t\t\t<div class=\"elementor-element elementor-element-366f7af4 elementor-widget elementor-widget-image\" data-id=\"366f7af4\" data-element_type=\"widget\" data-widget_type=\"image.default\">\n\t\t\t\t<div class=\"elementor-widget-container\">\n\t\t\t<style>\/*! elementor - v3.12.1 - 02-04-2023 *\/\n.elementor-widget-image{text-align:center}.elementor-widget-image a{display:inline-block}.elementor-widget-image a img[src$=\".svg\"]{width:48px}.elementor-widget-image img{vertical-align:middle;display:inline-block}<\/style>\t\t\t\t\t\t\t\t\t\t\t\t<img loading=\"lazy\" decoding=\"async\" width=\"768\" height=\"1024\" src=\"https:\/\/brezstrahuzavolanom.si\/nova\/wp-content\/uploads\/2023\/04\/IMG_0308-768x1024.jpg\" class=\"attachment-large size-large wp-image-698\" alt=\"\" srcset=\"https:\/\/brezstrahuzavolanom.si\/nova\/wp-content\/uploads\/2023\/04\/IMG_0308-768x1024.jpg 768w, https:\/\/brezstrahuzavolanom.si\/nova\/wp-content\/uploads\/2023\/04\/IMG_0308-225x300.jpg 225w, https:\/\/brezstrahuzavolanom.si\/nova\/wp-content\/uploads\/2023\/04\/IMG_0308-1152x1536.jpg 1152w, https:\/\/brezstrahuzavolanom.si\/nova\/wp-content\/uploads\/2023\/04\/IMG_0308-1536x2048.jpg 1536w, https:\/\/brezstrahuzavolanom.si\/nova\/wp-content\/uploads\/2023\/04\/IMG_0308-scaled.jpg 1920w\" sizes=\"auto, (max-width: 768px) 100vw, 768px\" \/>\t\t\t\t\t\t\t\t\t\t\t\t\t\t\t<\/div>\n\t\t\t\t<\/div>\n\t\t\t\t\t<\/div>\n\t\t<\/div>\n\t\t\t\t\t\t\t<\/div>\n\t\t<\/section>\n\t\t\t\t<section class=\"elementor-section elementor-top-section elementor-element elementor-element-00a27be elementor-section-boxed elementor-section-height-default elementor-section-height-default\" data-id=\"00a27be\" data-element_type=\"section\" data-settings=\"{&quot;background_background&quot;:&quot;classic&quot;}\">\n\t\t\t\t\t\t<div class=\"elementor-container elementor-column-gap-default\">\n\t\t\t\t\t<div class=\"elementor-column elementor-col-100 elementor-top-column elementor-element elementor-element-86dd2da\" data-id=\"86dd2da\" data-element_type=\"column\">\n\t\t\t<div class=\"elementor-widget-wrap elementor-element-populated\">\n\t\t\t\t\t\t\t\t<div class=\"elementor-element elementor-element-e4d878c elementor-widget__width-initial elementor-widget elementor-widget-heading\" data-id=\"e4d878c\" data-element_type=\"widget\" data-widget_type=\"heading.default\">\n\t\t\t\t<div class=\"elementor-widget-container\">\n\t\t\t<h5 class=\"elementor-heading-title elementor-size-default\">\u201ePrijazna beseda in spo\u0161tovanje stranke mi omogo\u010data <br>doseganje zastavljenih ciljev!\"<\/h5>\t\t<\/div>\n\t\t\t\t<\/div>\n\t\t\t\t\t<\/div>\n\t\t<\/div>\n\t\t\t\t\t\t\t<\/div>\n\t\t<\/section>\n\t\t\t\t<section class=\"elementor-section elementor-top-section elementor-element elementor-element-b17370f elementor-section-boxed elementor-section-height-default elementor-section-height-default\" data-id=\"b17370f\" data-element_type=\"section\" data-settings=\"{&quot;animation&quot;:&quot;none&quot;}\">\n\t\t\t\t\t\t<div class=\"elementor-container elementor-column-gap-default\">\n\t\t\t\t\t<div class=\"elementor-column elementor-col-50 elementor-top-column elementor-element elementor-element-22a8ccb9\" data-id=\"22a8ccb9\" data-element_type=\"column\">\n\t\t\t<div class=\"elementor-widget-wrap elementor-element-populated\">\n\t\t\t\t\t\t\t\t<div class=\"elementor-element elementor-element-15b6cfef elementor-widget elementor-widget-text-editor\" data-id=\"15b6cfef\" data-element_type=\"widget\" data-widget_type=\"text-editor.default\">\n\t\t\t\t<div class=\"elementor-widget-container\">\n\t\t\t\t\t\t\t\t\t\t\t\t\t<\/div>\n\t\t\t\t<\/div>\n\t\t\t\t<div class=\"elementor-element elementor-element-3594f27 elementor-widget elementor-widget-heading\" data-id=\"3594f27\" data-element_type=\"widget\" data-widget_type=\"heading.default\">\n\t\t\t\t<div class=\"elementor-widget-container\">\n\t\t\t<h2 class=\"elementor-heading-title elementor-size-default\">PREMAGOVANJE STRAHU ZA VOLANOM<\/h2>\t\t<\/div>\n\t\t\t\t<\/div>\n\t\t\t\t<div class=\"elementor-element elementor-element-6547717 elementor-widget__width-initial elementor-widget elementor-widget-text-editor\" data-id=\"6547717\" data-element_type=\"widget\" data-widget_type=\"text-editor.default\">\n\t\t\t\t<div class=\"elementor-widget-container\">\n\t\t\t\t\t\t\t<p style=\"text-align: left;\"><span style=\"font-weight: 400;\">Program je za ljudi, ki <strong>\u017ee imajo<\/strong> veljavno<strong> vozni\u0161ko<\/strong> dovoljenje in <strong>ne<\/strong> zmorejo samostojno <strong>v<\/strong> <strong>promet. <\/strong><\/span><span style=\"font-weight: 400;\">Moje <strong>izku\u0161nje<\/strong> z vozniki, katere je<strong> strah<\/strong> vo\u017enje, ka\u017eejo, da so\u00a0 <strong>varnej\u0161i<\/strong> in bolj <strong>previdni<\/strong> vozniki kot ostali, \u010detudi so med vo\u017enjo nekoliko <strong>nespro\u0161\u010deni<\/strong>.<\/span><\/p><p style=\"text-align: left;\"><span style=\"font-weight: 400;\">Zakaj bi se ljudje, ki nas je bilo kdaj <strong>strah<\/strong> in nismo <strong>zmogli<\/strong> samostojno sesti za volan, <strong>skrivali, sramovali<\/strong> in o tem <strong>ne govorili?\u00a0\u00a0<\/strong><\/span><span style=\"font-size: 15px; font-weight: 400;\">Ali bi nas moralo biti <strong>sram?<\/strong>\u00a0\u00a0<\/span><span style=\"font-size: 15px; font-weight: 400;\">Ne, ravno <strong>obratno.<\/strong> <strong>Ponosni<\/strong> bi morali biti, saj se iz na\u0161e <strong>ranljivosti<\/strong> zgodi veliko <strong>lepega<\/strong>.\u00a0<\/span><\/p>\t\t\t\t\t\t<\/div>\n\t\t\t\t<\/div>\n\t\t\t\t<section class=\"elementor-section elementor-inner-section elementor-element elementor-element-3ab2a16 elementor-section-boxed elementor-section-height-default elementor-section-height-default\" data-id=\"3ab2a16\" data-element_type=\"section\">\n\t\t\t\t\t\t<div class=\"elementor-container elementor-column-gap-default\">\n\t\t\t\t\t<div class=\"elementor-column elementor-col-50 elementor-inner-column elementor-element elementor-element-35ba531\" data-id=\"35ba531\" data-element_type=\"column\">\n\t\t\t<div class=\"elementor-widget-wrap elementor-element-populated\">\n\t\t\t\t\t\t\t\t<div class=\"elementor-element elementor-element-abf0c14 elementor-align-center elementor-widget elementor-widget-button\" data-id=\"abf0c14\" data-element_type=\"widget\" data-widget_type=\"button.default\">\n\t\t\t\t<div class=\"elementor-widget-container\">\n\t\t\t\t\t<div class=\"elementor-button-wrapper\">\n\t\t\t<a href=\"#\" class=\"elementor-button-link elementor-button elementor-size-sm\" role=\"button\">\n\t\t\t\t\t\t<span class=\"elementor-button-content-wrapper\">\n\t\t\t\t\t\t<span class=\"elementor-button-text\">O PROGRAMU<\/span>\n\t\t<\/span>\n\t\t\t\t\t<\/a>\n\t\t<\/div>\n\t\t\t\t<\/div>\n\t\t\t\t<\/div>\n\t\t\t\t\t<\/div>\n\t\t<\/div>\n\t\t\t\t<div class=\"elementor-column elementor-col-50 elementor-inner-column elementor-element elementor-element-1de1916\" data-id=\"1de1916\" data-element_type=\"column\">\n\t\t\t<div class=\"elementor-widget-wrap elementor-element-populated\">\n\t\t\t\t\t\t\t\t<div class=\"elementor-element elementor-element-ce25a7f elementor-align-center elementor-widget elementor-widget-button\" data-id=\"ce25a7f\" data-element_type=\"widget\" data-widget_type=\"button.default\">\n\t\t\t\t<div class=\"elementor-widget-container\">\n\t\t\t\t\t<div class=\"elementor-button-wrapper\">\n\t\t\t<a href=\"#\" class=\"elementor-button-link elementor-button elementor-size-sm\" role=\"button\">\n\t\t\t\t\t\t<span class=\"elementor-button-content-wrapper\">\n\t\t\t\t\t\t<span class=\"elementor-button-text\">VPIS V PROGRAM<\/span>\n\t\t<\/span>\n\t\t\t\t\t<\/a>\n\t\t<\/div>\n\t\t\t\t<\/div>\n\t\t\t\t<\/div>\n\t\t\t\t\t<\/div>\n\t\t<\/div>\n\t\t\t\t\t\t\t<\/div>\n\t\t<\/section>\n\t\t\t\t\t<\/div>\n\t\t<\/div>\n\t\t\t\t<div class=\"elementor-column elementor-col-50 elementor-top-column elementor-element elementor-element-1f68a9d5\" data-id=\"1f68a9d5\" data-element_type=\"column\" data-settings=\"{&quot;background_background&quot;:&quot;classic&quot;}\">\n\t\t\t<div class=\"elementor-widget-wrap\">\n\t\t\t\t\t\t\t\t\t<\/div>\n\t\t<\/div>\n\t\t\t\t\t\t\t<\/div>\n\t\t<\/section>\n\t\t\t\t<section class=\"elementor-section elementor-top-section elementor-element elementor-element-43367b6 elementor-section-boxed elementor-section-height-default elementor-section-height-default\" data-id=\"43367b6\" data-element_type=\"section\" data-settings=\"{&quot;background_background&quot;:&quot;classic&quot;}\">\n\t\t\t\t\t\t<div class=\"elementor-container elementor-column-gap-default\">\n\t\t\t\t\t<div class=\"elementor-column elementor-col-100 elementor-top-column elementor-element elementor-element-62a2a4b\" data-id=\"62a2a4b\" data-element_type=\"column\">\n\t\t\t<div class=\"elementor-widget-wrap elementor-element-populated\">\n\t\t\t\t\t\t\t\t<div class=\"elementor-element elementor-element-80534b4 elementor-widget__width-initial elementor-widget elementor-widget-heading\" data-id=\"80534b4\" data-element_type=\"widget\" data-widget_type=\"heading.default\">\n\t\t\t\t<div class=\"elementor-widget-container\">\n\t\t\t<h5 class=\"elementor-heading-title elementor-size-default\">\u201eRecite strahu NE in mi dovolite, da v vas poi\u0161\u010dem in okrepim pogum in znanje, <br>s katerim boste samostojni, zadovoljni in varni v prometu.\"<\/h5>\t\t<\/div>\n\t\t\t\t<\/div>\n\t\t\t\t\t<\/div>\n\t\t<\/div>\n\t\t\t\t\t\t\t<\/div>\n\t\t<\/section>\n\t\t\t\t<section class=\"elementor-section elementor-top-section elementor-element elementor-element-a3690f3 elementor-section-boxed elementor-section-height-default elementor-section-height-default\" data-id=\"a3690f3\" data-element_type=\"section\" data-settings=\"{&quot;animation&quot;:&quot;none&quot;}\">\n\t\t\t\t\t\t<div class=\"elementor-container elementor-column-gap-default\">\n\t\t\t\t\t<div class=\"elementor-column elementor-col-50 elementor-top-column elementor-element elementor-element-bb1c620\" data-id=\"bb1c620\" data-element_type=\"column\" data-settings=\"{&quot;background_background&quot;:&quot;classic&quot;}\">\n\t\t\t<div class=\"elementor-widget-wrap\">\n\t\t\t\t\t\t\t\t\t<\/div>\n\t\t<\/div>\n\t\t\t\t<div class=\"elementor-column elementor-col-50 elementor-top-column elementor-element elementor-element-867e49e\" data-id=\"867e49e\" data-element_type=\"column\">\n\t\t\t<div class=\"elementor-widget-wrap elementor-element-populated\">\n\t\t\t\t\t\t\t\t<div class=\"elementor-element elementor-element-f1700da elementor-widget elementor-widget-text-editor\" data-id=\"f1700da\" data-element_type=\"widget\" data-widget_type=\"text-editor.default\">\n\t\t\t\t<div class=\"elementor-widget-container\">\n\t\t\t\t\t\t\t\t\t\t\t\t\t<\/div>\n\t\t\t\t<\/div>\n\t\t\t\t<section class=\"elementor-section elementor-inner-section elementor-element elementor-element-fae610f elementor-section-boxed elementor-section-height-default elementor-section-height-default\" data-id=\"fae610f\" data-element_type=\"section\">\n\t\t\t\t\t\t<div class=\"elementor-container elementor-column-gap-default\">\n\t\t\t\t\t<div class=\"elementor-column elementor-col-50 elementor-inner-column elementor-element elementor-element-2a997fd\" data-id=\"2a997fd\" data-element_type=\"column\">\n\t\t\t<div class=\"elementor-widget-wrap elementor-element-populated\">\n\t\t\t\t\t\t\t\t<div class=\"elementor-element elementor-element-bb839f9 elementor-widget elementor-widget-heading\" data-id=\"bb839f9\" data-element_type=\"widget\" data-widget_type=\"heading.default\">\n\t\t\t\t<div class=\"elementor-widget-container\">\n\t\t\t<h2 class=\"elementor-heading-title elementor-size-default\">POGUMNO ZA VOLAN<\/h2>\t\t<\/div>\n\t\t\t\t<\/div>\n\t\t\t\t\t<\/div>\n\t\t<\/div>\n\t\t\t\t<div class=\"elementor-column elementor-col-50 elementor-inner-column elementor-element elementor-element-b46619f\" data-id=\"b46619f\" data-element_type=\"column\">\n\t\t\t<div class=\"elementor-widget-wrap elementor-element-populated\">\n\t\t\t\t\t\t\t\t<div class=\"elementor-element elementor-element-916b40c elementor-widget elementor-widget-image\" data-id=\"916b40c\" data-element_type=\"widget\" data-widget_type=\"image.default\">\n\t\t\t\t<div class=\"elementor-widget-container\">\n\t\t\t\t\t\t\t\t\t\t\t\t\t\t\t<img loading=\"lazy\" decoding=\"async\" width=\"1024\" height=\"233\" src=\"https:\/\/brezstrahuzavolanom.si\/nova\/wp-content\/uploads\/2023\/04\/SOLAVOZNJE-e1681985103798-1024x233.png\" class=\"attachment-large size-large wp-image-1830\" alt=\"\" srcset=\"https:\/\/brezstrahuzavolanom.si\/nova\/wp-content\/uploads\/2023\/04\/SOLAVOZNJE-e1681985103798-1024x233.png 1024w, https:\/\/brezstrahuzavolanom.si\/nova\/wp-content\/uploads\/2023\/04\/SOLAVOZNJE-e1681985103798-300x68.png 300w, https:\/\/brezstrahuzavolanom.si\/nova\/wp-content\/uploads\/2023\/04\/SOLAVOZNJE-e1681985103798-768x175.png 768w, https:\/\/brezstrahuzavolanom.si\/nova\/wp-content\/uploads\/2023\/04\/SOLAVOZNJE-e1681985103798.png 1080w\" sizes=\"auto, (max-width: 1024px) 100vw, 1024px\" \/>\t\t\t\t\t\t\t\t\t\t\t\t\t\t\t<\/div>\n\t\t\t\t<\/div>\n\t\t\t\t\t<\/div>\n\t\t<\/div>\n\t\t\t\t\t\t\t<\/div>\n\t\t<\/section>\n\t\t\t\t<div class=\"elementor-element elementor-element-07c7e49 elementor-widget elementor-widget-text-editor\" data-id=\"07c7e49\" data-element_type=\"widget\" data-widget_type=\"text-editor.default\">\n\t\t\t\t<div class=\"elementor-widget-container\">\n\t\t\t\t\t\t\t<p style=\"text-align: left;\"><span style=\"font-weight: 400;\">Leta 1996 sem pridobila dovoljenje za <strong>u\u010denje vo\u017enje<\/strong> ter u\u010denje cestno prometnih predpisov. Takrat smo imeli v lasti \u0161olo vo\u017enje <strong>&#8220;Jaguar&#8221;.<\/strong> Pou\u010devali smo: moj <strong>o\u010de, mama<\/strong>, starej\u0161i <strong>brat<\/strong> in<strong> jaz.\u00a0 <\/strong><\/span>Imeli smo eno <strong>najbolj\u0161ih<\/strong> in <strong>najuspe\u0161nej\u0161ih<\/strong> avto\u0161ol v Ljubljani, saj smo bili <strong>dru\u017einsko podjetje.<\/strong><\/p>\t\t\t\t\t\t<\/div>\n\t\t\t\t<\/div>\n\t\t\t\t<section class=\"elementor-section elementor-inner-section elementor-element elementor-element-fc72e31 elementor-section-boxed elementor-section-height-default elementor-section-height-default\" data-id=\"fc72e31\" data-element_type=\"section\">\n\t\t\t\t\t\t<div class=\"elementor-container elementor-column-gap-default\">\n\t\t\t\t\t<div class=\"elementor-column elementor-col-50 elementor-inner-column elementor-element elementor-element-f27a692\" data-id=\"f27a692\" data-element_type=\"column\">\n\t\t\t<div class=\"elementor-widget-wrap elementor-element-populated\">\n\t\t\t\t\t\t\t\t<div class=\"elementor-element elementor-element-2ce6744 elementor-align-center elementor-widget elementor-widget-button\" data-id=\"2ce6744\" data-element_type=\"widget\" data-widget_type=\"button.default\">\n\t\t\t\t<div class=\"elementor-widget-container\">\n\t\t\t\t\t<div class=\"elementor-button-wrapper\">\n\t\t\t<a href=\"#\" class=\"elementor-button-link elementor-button elementor-size-sm\" role=\"button\">\n\t\t\t\t\t\t<span class=\"elementor-button-content-wrapper\">\n\t\t\t\t\t\t<span class=\"elementor-button-text\">O PROGRAMU<\/span>\n\t\t<\/span>\n\t\t\t\t\t<\/a>\n\t\t<\/div>\n\t\t\t\t<\/div>\n\t\t\t\t<\/div>\n\t\t\t\t\t<\/div>\n\t\t<\/div>\n\t\t\t\t<div class=\"elementor-column elementor-col-50 elementor-inner-column elementor-element elementor-element-7393015\" data-id=\"7393015\" data-element_type=\"column\">\n\t\t\t<div class=\"elementor-widget-wrap elementor-element-populated\">\n\t\t\t\t\t\t\t\t<div class=\"elementor-element elementor-element-383c9ec elementor-align-center elementor-widget elementor-widget-button\" data-id=\"383c9ec\" data-element_type=\"widget\" data-widget_type=\"button.default\">\n\t\t\t\t<div class=\"elementor-widget-container\">\n\t\t\t\t\t<div class=\"elementor-button-wrapper\">\n\t\t\t<a href=\"#\" class=\"elementor-button-link elementor-button elementor-size-sm\" role=\"button\">\n\t\t\t\t\t\t<span class=\"elementor-button-content-wrapper\">\n\t\t\t\t\t\t<span class=\"elementor-button-text\">VPIS V \u0160OLO VO\u017dNJE<\/span>\n\t\t<\/span>\n\t\t\t\t\t<\/a>\n\t\t<\/div>\n\t\t\t\t<\/div>\n\t\t\t\t<\/div>\n\t\t\t\t\t<\/div>\n\t\t<\/div>\n\t\t\t\t\t\t\t<\/div>\n\t\t<\/section>\n\t\t\t\t\t<\/div>\n\t\t<\/div>\n\t\t\t\t\t\t\t<\/div>\n\t\t<\/section>\n\t\t\t\t\t\t\t<\/div>\n\t\t","protected":false},"excerpt":{"rendered":"<p>Programi V nadaljevanju so predstavljeni programi, ki jih izvajam. \u201ePrijazna beseda in spo\u0161tovanje stranke mi omogo\u010data doseganje zastavljenih ciljev!&#8221; PREMAGOVANJE STRAHU ZA VOLANOM Program je za ljudi, ki \u017ee imajo veljavno vozni\u0161ko dovoljenje in ne zmorejo samostojno v promet. Moje izku\u0161nje z vozniki, katere je strah vo\u017enje, ka\u017eejo, da so\u00a0 varnej\u0161i in bolj previdni vozniki [&hellip;]<\/p>\n","protected":false},"author":1,"featured_media":0,"parent":0,"menu_order":0,"comment_status":"closed","ping_status":"closed","template":"elementor_header_footer","meta":{"footnotes":""},"class_list":["post-382","page","type-page","status-publish","hentry","entry"],"_links":{"self":[{"href":"https:\/\/brezstrahuzavolanom.si\/nova\/wp-json\/wp\/v2\/pages\/382","targetHints":{"allow":["GET"]}}],"collection":[{"href":"https:\/\/brezstrahuzavolanom.si\/nova\/wp-json\/wp\/v2\/pages"}],"about":[{"href":"https:\/\/brezstrahuzavolanom.si\/nova\/wp-json\/wp\/v2\/types\/page"}],"author":[{"embeddable":true,"href":"https:\/\/brezstrahuzavolanom.si\/nova\/wp-json\/wp\/v2\/users\/1"}],"replies":[{"embeddable":true,"href":"https:\/\/brezstrahuzavolanom.si\/nova\/wp-json\/wp\/v2\/comments?post=382"}],"version-history":[{"count":96,"href":"https:\/\/brezstrahuzavolanom.si\/nova\/wp-json\/wp\/v2\/pages\/382\/revisions"}],"predecessor-version":[{"id":2495,"href":"https:\/\/brezstrahuzavolanom.si\/nova\/wp-json\/wp\/v2\/pages\/382\/revisions\/2495"}],"wp:attachment":[{"href":"https:\/\/brezstrahuzavolanom.si\/nova\/wp-json\/wp\/v2\/media?parent=382"}],"curies":[{"name":"wp","href":"https:\/\/api.w.org\/{rel}","templated":true}]}}