{"id":974,"date":"2023-04-17T15:18:02","date_gmt":"2023-04-17T15:18:02","guid":{"rendered":"https:\/\/brezstrahuzavolanom.si\/nova\/?page_id=974"},"modified":"2023-04-20T09:42:04","modified_gmt":"2023-04-20T09:42:04","slug":"svetovalne-telefonske-minutke-2","status":"publish","type":"page","link":"https:\/\/brezstrahuzavolanom.si\/nova\/svetovalne-telefonske-minutke-2\/","title":{"rendered":"Svetovalne telefonske minutke"},"content":{"rendered":"\t\t<div data-elementor-type=\"wp-page\" data-elementor-id=\"974\" class=\"elementor elementor-974\">\n\t\t\t\t\t\t\t\t\t<section class=\"elementor-section elementor-top-section elementor-element elementor-element-616705bc elementor-section-height-min-height elementor-section-items-stretch elementor-section-content-middle elementor-section-boxed elementor-section-height-default\" data-id=\"616705bc\" data-element_type=\"section\" data-settings=\"{&quot;background_background&quot;:&quot;classic&quot;}\">\n\t\t\t\t\t\t<div class=\"elementor-container elementor-column-gap-default\">\n\t\t\t\t\t<div class=\"elementor-column elementor-col-50 elementor-top-column elementor-element elementor-element-8779e3\" data-id=\"8779e3\" data-element_type=\"column\">\n\t\t\t<div class=\"elementor-widget-wrap elementor-element-populated\">\n\t\t\t\t\t\t\t\t<div class=\"elementor-element elementor-element-630a3ed5 elementor-invisible elementor-widget elementor-widget-heading\" data-id=\"630a3ed5\" data-element_type=\"widget\" data-settings=\"{&quot;_animation&quot;:&quot;fadeInLeft&quot;}\" data-widget_type=\"heading.default\">\n\t\t\t\t<div class=\"elementor-widget-container\">\n\t\t\t<style>\/*! elementor - v3.12.1 - 02-04-2023 *\/\n.elementor-heading-title{padding:0;margin:0;line-height:1}.elementor-widget-heading .elementor-heading-title[class*=elementor-size-]>a{color:inherit;font-size:inherit;line-height:inherit}.elementor-widget-heading .elementor-heading-title.elementor-size-small{font-size:15px}.elementor-widget-heading .elementor-heading-title.elementor-size-medium{font-size:19px}.elementor-widget-heading .elementor-heading-title.elementor-size-large{font-size:29px}.elementor-widget-heading .elementor-heading-title.elementor-size-xl{font-size:39px}.elementor-widget-heading .elementor-heading-title.elementor-size-xxl{font-size:59px}<\/style><h2 class=\"elementor-heading-title elementor-size-default\">Svetovalne telefonske minutke<\/h2>\t\t<\/div>\n\t\t\t\t<\/div>\n\t\t\t\t<div class=\"elementor-element elementor-element-3ea4785 elementor-widget elementor-widget-text-editor\" data-id=\"3ea4785\" data-element_type=\"widget\" data-widget_type=\"text-editor.default\">\n\t\t\t\t<div class=\"elementor-widget-container\">\n\t\t\t<style>\/*! elementor - v3.12.1 - 02-04-2023 *\/\n.elementor-widget-text-editor.elementor-drop-cap-view-stacked .elementor-drop-cap{background-color:#69727d;color:#fff}.elementor-widget-text-editor.elementor-drop-cap-view-framed .elementor-drop-cap{color:#69727d;border:3px solid;background-color:transparent}.elementor-widget-text-editor:not(.elementor-drop-cap-view-default) .elementor-drop-cap{margin-top:8px}.elementor-widget-text-editor:not(.elementor-drop-cap-view-default) .elementor-drop-cap-letter{width:1em;height:1em}.elementor-widget-text-editor .elementor-drop-cap{float:left;text-align:center;line-height:1;font-size:50px}.elementor-widget-text-editor .elementor-drop-cap-letter{display:inline-block}<\/style>\t\t\t\t<p style=\"text-align: center;\"><span style=\"font-weight: 400;\">Svetovalne <strong>telefonske<\/strong> minutke so namenjene strankam, da la\u017eje premagajo <strong>stisko<\/strong> ob <strong>samostojnem<\/strong> podajanju v promet. S stranko se <strong>dogovoriva<\/strong> za \u010das in datum telefonske podpore.\u00a0<\/span><\/p>\t\t\t\t\t\t<\/div>\n\t\t\t\t<\/div>\n\t\t\t\t\t<\/div>\n\t\t<\/div>\n\t\t\t\t<div class=\"elementor-column elementor-col-50 elementor-top-column elementor-element elementor-element-28ee3b99\" data-id=\"28ee3b99\" data-element_type=\"column\" data-settings=\"{&quot;background_background&quot;:&quot;slideshow&quot;,&quot;background_slideshow_gallery&quot;:[],&quot;background_slideshow_loop&quot;:&quot;yes&quot;,&quot;background_slideshow_slide_duration&quot;:5000,&quot;background_slideshow_slide_transition&quot;:&quot;fade&quot;,&quot;background_slideshow_transition_duration&quot;:500}\">\n\t\t\t<div class=\"elementor-widget-wrap elementor-element-populated\">\n\t\t\t\t\t\t\t\t<div class=\"elementor-element elementor-element-bc6dfa4 elementor-widget elementor-widget-image\" data-id=\"bc6dfa4\" data-element_type=\"widget\" data-widget_type=\"image.default\">\n\t\t\t\t<div class=\"elementor-widget-container\">\n\t\t\t<style>\/*! elementor - v3.12.1 - 02-04-2023 *\/\n.elementor-widget-image{text-align:center}.elementor-widget-image a{display:inline-block}.elementor-widget-image a img[src$=\".svg\"]{width:48px}.elementor-widget-image img{vertical-align:middle;display:inline-block}<\/style>\t\t\t\t\t\t\t\t\t\t\t\t<img loading=\"lazy\" decoding=\"async\" width=\"819\" height=\"1024\" src=\"https:\/\/brezstrahuzavolanom.si\/nova\/wp-content\/uploads\/2023\/04\/MARJETKA-KRAMZAR-819x1024.png\" class=\"attachment-large size-large wp-image-718\" alt=\"\" srcset=\"https:\/\/brezstrahuzavolanom.si\/nova\/wp-content\/uploads\/2023\/04\/MARJETKA-KRAMZAR-819x1024.png 819w, https:\/\/brezstrahuzavolanom.si\/nova\/wp-content\/uploads\/2023\/04\/MARJETKA-KRAMZAR-240x300.png 240w, https:\/\/brezstrahuzavolanom.si\/nova\/wp-content\/uploads\/2023\/04\/MARJETKA-KRAMZAR-768x960.png 768w, https:\/\/brezstrahuzavolanom.si\/nova\/wp-content\/uploads\/2023\/04\/MARJETKA-KRAMZAR.png 1080w\" sizes=\"auto, (max-width: 819px) 100vw, 819px\" \/>\t\t\t\t\t\t\t\t\t\t\t\t\t\t\t<\/div>\n\t\t\t\t<\/div>\n\t\t\t\t\t<\/div>\n\t\t<\/div>\n\t\t\t\t\t\t\t<\/div>\n\t\t<\/section>\n\t\t\t\t<section class=\"elementor-section elementor-top-section elementor-element elementor-element-63e05b0 elementor-section-boxed elementor-section-height-default elementor-section-height-default\" data-id=\"63e05b0\" data-element_type=\"section\">\n\t\t\t\t\t\t<div class=\"elementor-container elementor-column-gap-default\">\n\t\t\t\t\t<div class=\"elementor-column elementor-col-100 elementor-top-column elementor-element elementor-element-0efc40e\" data-id=\"0efc40e\" data-element_type=\"column\">\n\t\t\t<div class=\"elementor-widget-wrap elementor-element-populated\">\n\t\t\t\t\t\t\t\t<div class=\"elementor-element elementor-element-53482c4 elementor-widget elementor-widget-text-editor\" data-id=\"53482c4\" data-element_type=\"widget\" data-widget_type=\"text-editor.default\">\n\t\t\t\t<div class=\"elementor-widget-container\">\n\t\t\t\t\t\t\tSvetovalne telefonske minutke so namenjene:\n<ul>\n \t<li aria-level=\"1\">Premagovanju predizpitne <strong>treme.\n<\/strong>\u017de nekaj dni pred glavno izpitno vo\u017enjo se dobiva na telefonskem svetovanju, da vas opolnomo\u010dim in pripravim, da bo va\u0161a izpitna trema pod nadzorom.<\/li>\n<\/ul>\n<ul>\n \t<li aria-level=\"1\">Telefonska podpora pred odhodom na <strong>samostojno pot. <br><\/strong>Je namenjena strankam, kadar se same odpravljajo na samostojno pot in potrebujejo razumevanje, mirnost, podporo. V zelo\u00a0 kratkem \u010dasu stranko opolnomo\u010dim in podprem, da zmore samostojno na pot. La\u017eje se odpravijo v slu\u017ebo, po opravkih ali\u00a0 prvi\u010d na izlet v neznano. Po zakupljenih minutah se dogovorimo za datum telefonskega <strong>svetovanja.<\/strong><\/li>\n<\/ul>\t\t\t\t\t\t<\/div>\n\t\t\t\t<\/div>\n\t\t\t\t\t<\/div>\n\t\t<\/div>\n\t\t\t\t\t\t\t<\/div>\n\t\t<\/section>\n\t\t\t\t<section class=\"elementor-section elementor-top-section elementor-element elementor-element-8258019 elementor-section-boxed elementor-section-height-default elementor-section-height-default elementor-invisible\" data-id=\"8258019\" data-element_type=\"section\" data-settings=\"{&quot;background_background&quot;:&quot;classic&quot;,&quot;animation&quot;:&quot;fadeInRight&quot;}\">\n\t\t\t\t\t\t<div class=\"elementor-container elementor-column-gap-default\">\n\t\t\t\t\t<div class=\"elementor-column elementor-col-100 elementor-top-column elementor-element elementor-element-2d91dfe\" data-id=\"2d91dfe\" data-element_type=\"column\">\n\t\t\t<div class=\"elementor-widget-wrap elementor-element-populated\">\n\t\t\t\t\t\t\t\t<div class=\"elementor-element elementor-element-7fb17fa elementor-widget elementor-widget-heading\" data-id=\"7fb17fa\" data-element_type=\"widget\" data-widget_type=\"heading.default\">\n\t\t\t\t<div class=\"elementor-widget-container\">\n\t\t\t<h2 class=\"elementor-heading-title elementor-size-default\">Rezerviraj si<\/h2>\t\t<\/div>\n\t\t\t\t<\/div>\n\t\t\t\t<div class=\"elementor-element elementor-element-81fac14 elementor-widget elementor-widget-text-editor\" data-id=\"81fac14\" data-element_type=\"widget\" data-widget_type=\"text-editor.default\">\n\t\t\t\t<div class=\"elementor-widget-container\">\n\t\t\t\t\t\t\t<p style=\"text-align: center;\">Pi\u0161ite mi na <a href=\"mailto:info@brezstrahuzavolanom.si\"><strong>info@brezstrahuzavolanom.si<\/strong><\/a> ali pokli\u010dite na<strong> <a href=\"http:\/\/tel.:041 879 661\" data-wplink-url-error=\"true\">041 879 661.<\/a><\/strong><\/p>\t\t\t\t\t\t<\/div>\n\t\t\t\t<\/div>\n\t\t\t\t<div class=\"elementor-element elementor-element-7d7f4004 elementor-align-center elementor-widget elementor-widget-button\" data-id=\"7d7f4004\" data-element_type=\"widget\" data-widget_type=\"button.default\">\n\t\t\t\t<div class=\"elementor-widget-container\">\n\t\t\t\t\t<div class=\"elementor-button-wrapper\">\n\t\t\t<a href=\"mailto:info@brezstrhuzavolanom.si\" class=\"elementor-button-link elementor-button elementor-size-sm\" role=\"button\">\n\t\t\t\t\t\t<span class=\"elementor-button-content-wrapper\">\n\t\t\t\t\t\t<span class=\"elementor-button-text\">info@brezstrahuzavolanom.si<\/span>\n\t\t<\/span>\n\t\t\t\t\t<\/a>\n\t\t<\/div>\n\t\t\t\t<\/div>\n\t\t\t\t<\/div>\n\t\t\t\t\t<\/div>\n\t\t<\/div>\n\t\t\t\t\t\t\t<\/div>\n\t\t<\/section>\n\t\t\t\t\t\t\t<\/div>\n\t\t","protected":false},"excerpt":{"rendered":"<p>Svetovalne telefonske minutke Svetovalne telefonske minutke so namenjene strankam, da la\u017eje premagajo stisko ob samostojnem podajanju v promet. S stranko se dogovoriva za \u010das in datum telefonske podpore.\u00a0 Svetovalne telefonske minutke so namenjene: Premagovanju predizpitne treme. \u017de nekaj dni pred glavno izpitno vo\u017enjo se dobiva na telefonskem svetovanju, da vas opolnomo\u010dim in pripravim, da bo [&hellip;]<\/p>\n","protected":false},"author":1,"featured_media":0,"parent":0,"menu_order":0,"comment_status":"closed","ping_status":"closed","template":"elementor_header_footer","meta":{"footnotes":""},"class_list":["post-974","page","type-page","status-publish","hentry","entry"],"_links":{"self":[{"href":"https:\/\/brezstrahuzavolanom.si\/nova\/wp-json\/wp\/v2\/pages\/974","targetHints":{"allow":["GET"]}}],"collection":[{"href":"https:\/\/brezstrahuzavolanom.si\/nova\/wp-json\/wp\/v2\/pages"}],"about":[{"href":"https:\/\/brezstrahuzavolanom.si\/nova\/wp-json\/wp\/v2\/types\/page"}],"author":[{"embeddable":true,"href":"https:\/\/brezstrahuzavolanom.si\/nova\/wp-json\/wp\/v2\/users\/1"}],"replies":[{"embeddable":true,"href":"https:\/\/brezstrahuzavolanom.si\/nova\/wp-json\/wp\/v2\/comments?post=974"}],"version-history":[{"count":23,"href":"https:\/\/brezstrahuzavolanom.si\/nova\/wp-json\/wp\/v2\/pages\/974\/revisions"}],"predecessor-version":[{"id":2501,"href":"https:\/\/brezstrahuzavolanom.si\/nova\/wp-json\/wp\/v2\/pages\/974\/revisions\/2501"}],"wp:attachment":[{"href":"https:\/\/brezstrahuzavolanom.si\/nova\/wp-json\/wp\/v2\/media?parent=974"}],"curies":[{"name":"wp","href":"https:\/\/api.w.org\/{rel}","templated":true}]}}